{"id":417,"date":"2022-01-13T18:36:10","date_gmt":"2022-01-13T18:36:10","guid":{"rendered":"http:\/\/queridoaguacate.com\/?page_id=417"},"modified":"2026-01-21T05:15:12","modified_gmt":"2026-01-21T05:15:12","slug":"juego-de-cartas-para-parejas","status":"publish","type":"page","link":"https:\/\/queridoaguacate.com\/index.php\/juego-de-cartas-para-parejas\/","title":{"rendered":"Juego de cartas para parejas"},"content":{"rendered":"<p>[et_pb_section fb_built=\u00bb1&#8243; admin_label=\u00bbFeature\u00bb _builder_version=\u00bb4.9.7&#8243; background_color=\u00bb#0b62bf\u00bb background_enable_image=\u00bboff\u00bb background_size=\u00bbinitial\u00bb min_height=\u00bb589.4px\u00bb custom_margin=\u00bb||-11px|||\u00bb custom_padding=\u00bb38px||5px|||\u00bb][et_pb_row column_structure=\u00bb2_5,3_5&#8243; _builder_version=\u00bb3.25&#8243; min_height=\u00bb497.8px\u00bb custom_margin=\u00bb|||\u00bb custom_padding=\u00bb||42px|||\u00bb animation_style=\u00bbfade\u00bb][et_pb_column type=\u00bb2_5&#8243; _builder_version=\u00bb3.25&#8243; custom_padding=\u00bb|||\u00bb custom_padding__hover=\u00bb|||\u00bb][et_pb_text _builder_version=\u00bb4.9.7&#8243; text_font=\u00bb||||||||\u00bb text_text_color=\u00bb#FFFFFF\u00bb header_font=\u00bb||||||||\u00bb header_text_color=\u00bb#262f71&#8243; header_2_font=\u00bbFredoka One||||||||\u00bb header_2_text_color=\u00bb#262f71&#8243; header_2_font_size=\u00bb46px\u00bb header_2_line_height=\u00bb1.3em\u00bb custom_margin=\u00bb||-4px|||\u00bb custom_padding=\u00bb||4px|||\u00bb animation_style=\u00bbslide\u00bb animation_direction=\u00bbtop\u00bb animation_intensity_slide=\u00bb5%\u00bb animation_starting_opacity=\u00bb100%\u00bb]<\/p>\n<h2 style=\"text-align: center;\"><span style=\"font-weight: 400; color: #ffffff;\">Hoy toca plan rom\u00e1ntico.<\/span><\/h2>\n<p>[\/et_pb_text][et_pb_text _builder_version=\u00bb4.9.7&#8243; text_font=\u00bbNunito||||||||\u00bb text_font_size=\u00bb18px\u00bb text_line_height=\u00bb1.8em\u00bb min_height=\u00bb58px\u00bb animation_style=\u00bbslide\u00bb animation_direction=\u00bbtop\u00bb animation_intensity_slide=\u00bb5%\u00bb animation_starting_opacity=\u00bb100%\u00bb]<\/p>\n<p style=\"text-align: center;\"><span style=\"font-weight: 400; color: #ffffff;\">Una cenita rica en un lugar tranquilo, m\u00fasica y lo m\u00e1s importante&#8230;\u00a0 que est\u00e9n juntitos y listos para disfrutar lo mejor de cada quien con este juego.<\/span><\/p>\n<p style=\"text-align: center;\"><span><\/span><\/p>\n<p>[\/et_pb_text][et_pb_button button_url=\u00bbhttps:\/\/a.co\/d\/0rQdjOJ\u00bb button_text=\u00bbComprar\u00bb button_alignment=\u00bbcenter\u00bb module_id=\u00bbbotoncompra1&#8243; _builder_version=\u00bb4.9.7&#8243; _module_preset=\u00bbdefault\u00bb custom_button=\u00bbon\u00bb button_text_size=\u00bb20px\u00bb button_text_color=\u00bb#FFFFFF\u00bb button_bg_color=\u00bb#C88BDA\u00bb button_border_width=\u00bb0px\u00bb button_border_radius=\u00bb22px\u00bb button_use_icon=\u00bboff\u00bb][\/et_pb_button][\/et_pb_column][et_pb_column type=\u00bb3_5&#8243; _builder_version=\u00bb4.8.1&#8243; _module_preset=\u00bbdefault\u00bb][et_pb_image src=\u00bbhttp:\/\/queridoaguacate.com\/wp-content\/uploads\/2022\/01\/juego_para_parejas_mexico.png\u00bb title_text=\u00bbjuego_para_parejas_mexico\u00bb force_fullwidth=\u00bbon\u00bb align_tablet=\u00bbcenter\u00bb align_phone=\u00bb\u00bb align_last_edited=\u00bbon|desktop\u00bb _builder_version=\u00bb4.9.7&#8243; custom_margin=\u00bb|0px|30px|0px|false|true\u00bb animation_style=\u00bbfade\u00bb][\/et_pb_image][\/et_pb_column][\/et_pb_row][\/et_pb_section][et_pb_section fb_built=\u00bb1&#8243; fullwidth=\u00bbon\u00bb next_background_color=\u00bb#cef2e8&#8243; admin_label=\u00bbHero\u00bb _builder_version=\u00bb4.9.7&#8243; background_color=\u00bb#0b62bf\u00bb background_color_gradient_direction=\u00bb165deg\u00bb background_enable_image=\u00bboff\u00bb custom_margin=\u00bb-14px||-64px|||\u00bb custom_padding=\u00bb0px|||||\u00bb bottom_divider_style=\u00bbwave2&#8243; bottom_divider_height=\u00bb150px\u00bb bottom_divider_flip=\u00bbhorizontal\u00bb][\/et_pb_section][et_pb_section fb_built=\u00bb1&#8243; admin_label=\u00bbFeature\u00bb _builder_version=\u00bb4.8.1&#8243; background_color=\u00bb#cef2e8&#8243; background_enable_image=\u00bboff\u00bb background_size=\u00bbinitial\u00bb custom_margin=\u00bb19px|||||\u00bb custom_padding=\u00bb1px||2px|||\u00bb][et_pb_row column_structure=\u00bb1_2,1_2&#8243; _builder_version=\u00bb3.25&#8243; custom_margin=\u00bb|||\u00bb custom_padding=\u00bb72px|||||\u00bb animation_style=\u00bbfade\u00bb][et_pb_column type=\u00bb1_2&#8243; _builder_version=\u00bb3.25&#8243; custom_padding=\u00bb|||\u00bb custom_padding__hover=\u00bb|||\u00bb][et_pb_image src=\u00bbhttp:\/\/queridoaguacate.com\/wp-content\/uploads\/2022\/01\/juego_para_parejas_mexico2.png\u00bb title_text=\u00bbjuego_para_parejas_mexico2&#8243; force_fullwidth=\u00bbon\u00bb align_tablet=\u00bbcenter\u00bb align_phone=\u00bb\u00bb align_last_edited=\u00bbon|desktop\u00bb _builder_version=\u00bb4.9.7&#8243; custom_margin=\u00bb|0px||0px|false|true\u00bb animation_style=\u00bbfade\u00bb][\/et_pb_image][\/et_pb_column][et_pb_column type=\u00bb1_2&#8243; _builder_version=\u00bb3.25&#8243; custom_padding=\u00bb7%|||\u00bb custom_padding__hover=\u00bb|||\u00bb][et_pb_text _builder_version=\u00bb4.8.1&#8243; text_font=\u00bb||||||||\u00bb header_font=\u00bb||||||||\u00bb header_text_color=\u00bb#262f71&#8243; header_2_font=\u00bbFredoka One||||||||\u00bb header_2_text_color=\u00bb#262f71&#8243; header_2_font_size=\u00bb46px\u00bb header_2_line_height=\u00bb1.3em\u00bb custom_margin=\u00bb||-3px|||\u00bb animation_style=\u00bbslide\u00bb animation_direction=\u00bbtop\u00bb animation_intensity_slide=\u00bb5%\u00bb animation_starting_opacity=\u00bb100%\u00bb]<\/p>\n<h2 style=\"text-align: center;\"><span style=\"font-weight: 400;\">Preg\u00fantame bonito<\/span><\/h2>\n<p>[\/et_pb_text][et_pb_divider color=\u00bb#88d4f2&#8243; divider_weight=\u00bb4px\u00bb _builder_version=\u00bb3.2&#8243; max_width=\u00bb60px\u00bb max_width_tablet=\u00bb14%\u00bb max_width_last_edited=\u00bboff|desktop\u00bb module_alignment=\u00bbcenter\u00bb height=\u00bb4px\u00bb animation_style=\u00bbslide\u00bb animation_direction=\u00bbtop\u00bb animation_intensity_slide=\u00bb5%\u00bb animation_starting_opacity=\u00bb100%\u00bb][\/et_pb_divider][et_pb_text _builder_version=\u00bb4.9.7&#8243; text_font=\u00bbFredoka One||||||||\u00bb text_text_color=\u00bb#0c71c3&#8243; text_font_size=\u00bb16px\u00bb text_line_height=\u00bb1.8em\u00bb animation_style=\u00bbslide\u00bb animation_direction=\u00bbtop\u00bb animation_intensity_slide=\u00bb5%\u00bb animation_starting_opacity=\u00bb100%\u00bb]<\/p>\n<p style=\"text-align: center;\"><span style=\"font-weight: 400;\">M\u00e1s que un juego de cartas.<\/span><\/p>\n<p>[\/et_pb_text][et_pb_text _builder_version=\u00bb4.9.7&#8243; text_font=\u00bbNunito||||||||\u00bb text_font_size=\u00bb18px\u00bb text_line_height=\u00bb1.8em\u00bb animation_style=\u00bbslide\u00bb animation_direction=\u00bbtop\u00bb animation_intensity_slide=\u00bb5%\u00bb animation_starting_opacity=\u00bb100%\u00bb]<\/p>\n<p style=\"text-align: center;\"><span style=\"font-weight: 400;\">Es<\/span> <span style=\"font-weight: 400;\">una oportunidad para descubrir cu\u00e1nto se conocen, hacer preguntas que no se hab\u00edan atrevido y echar unas buenas risas entre ustedes.<\/span><\/p>\n<p>[\/et_pb_text][\/et_pb_column][\/et_pb_row][\/et_pb_section][et_pb_section fb_built=\u00bb1&#8243; prev_background_color=\u00bb#cef2e8&#8243; admin_label=\u00bbFeatures\u00bb _builder_version=\u00bb4.9.7&#8243; background_color=\u00bb#f2d4c9&#8243; background_enable_image=\u00bboff\u00bb background_blend=\u00bboverlay\u00bb custom_margin=\u00bb||-164px|||\u00bb custom_padding=\u00bb101px||1px|2px||\u00bb top_divider_style=\u00bbwave2&#8243; top_divider_height=\u00bb150px\u00bb top_divider_flip=\u00bbhorizontal\u00bb locked=\u00bboff\u00bb][et_pb_row custom_padding_last_edited=\u00bboff|desktop\u00bb _builder_version=\u00bb3.25&#8243; custom_margin=\u00bb|||\u00bb custom_padding=\u00bb|||\u00bb animation_style=\u00bbfade\u00bb][et_pb_column type=\u00bb4_4&#8243; _builder_version=\u00bb3.25&#8243; custom_padding=\u00bb|||\u00bb custom_padding__hover=\u00bb|||\u00bb][et_pb_text _builder_version=\u00bb4.8.1&#8243; text_font=\u00bb||||||||\u00bb text_text_color=\u00bbRGBA(0,0,0,0)\u00bb header_font=\u00bb||||||||\u00bb header_line_height=\u00bb0em\u00bb header_2_font=\u00bbFredoka One||||||||\u00bb header_2_text_align=\u00bbcenter\u00bb header_2_font_size=\u00bb46px\u00bb header_2_line_height=\u00bb1.3em\u00bb background_layout=\u00bbdark\u00bb max_width=\u00bb700px\u00bb module_alignment=\u00bbcenter\u00bb custom_margin=\u00bb|||\u00bb animation_style=\u00bbslide\u00bb animation_direction=\u00bbtop\u00bb animation_intensity_slide=\u00bb5%\u00bb animation_starting_opacity=\u00bb100%\u00bb]<\/p>\n<h2><span style=\"color: #000080;\">\u00bfQu\u00e9 contiene?<\/span><\/h2>\n<p>[\/et_pb_text][et_pb_divider color=\u00bb#ffb9cc\u00bb divider_weight=\u00bb4px\u00bb _builder_version=\u00bb3.2&#8243; max_width=\u00bb60px\u00bb max_width_tablet=\u00bb14%\u00bb max_width_last_edited=\u00bboff|desktop\u00bb module_alignment=\u00bbcenter\u00bb height=\u00bb4px\u00bb animation_style=\u00bbslide\u00bb animation_direction=\u00bbtop\u00bb animation_intensity_slide=\u00bb5%\u00bb animation_starting_opacity=\u00bb100%\u00bb][\/et_pb_divider][\/et_pb_column][\/et_pb_row][et_pb_row _builder_version=\u00bb4.8.1&#8243; width=\u00bb100%\u00bb max_width=\u00bb900px\u00bb module_alignment=\u00bbcenter\u00bb custom_margin=\u00bb30px|||\u00bb][et_pb_column type=\u00bb4_4&#8243; _builder_version=\u00bb3.25&#8243; custom_padding=\u00bb|||\u00bb custom_padding__hover=\u00bb|||\u00bb][et_pb_blurb image=\u00bbhttp:\/\/queridoaguacate.com\/wp-content\/uploads\/2022\/01\/cartas_hablame_bonito_juego-1.png\u00bb content_max_width=\u00bb800px\u00bb _builder_version=\u00bb4.9.7&#8243; header_font=\u00bbFredoka One||||||||\u00bb header_text_color=\u00bb#000000&#8243; header_font_size=\u00bb22px\u00bb header_line_height=\u00bb1.3em\u00bb body_font=\u00bbNunito||||||||\u00bb body_text_color=\u00bb#565656&#8243; body_font_size=\u00bb16px\u00bb body_line_height=\u00bb1.8em\u00bb background_enable_color=\u00bboff\u00bb background_enable_image=\u00bboff\u00bb text_orientation=\u00bbcenter\u00bb background_layout=\u00bbdark\u00bb width=\u00bb100%\u00bb min_height=\u00bb528px\u00bb custom_margin=\u00bb|0px||0px|false|false\u00bb custom_padding=\u00bb|5px|21px|5px|false|false\u00bb animation_style=\u00bbfade\u00bb animation=\u00bboff\u00bb border_color_all_image=\u00bb#ffffff\u00bb box_shadow_style=\u00bbpreset1&#8243; box_shadow_style_image=\u00bbpreset1&#8243; box_shadow_color_image=\u00bbrgba(102,175,204,0.35)\u00bb]<\/p>\n<p><span style=\"font-weight: 400;\">125 cartas para jugar con 3 categor\u00edas diferentes:<\/span><\/p>\n<p><span style=\"font-weight: 400;\"> <br \/><\/span><span style=\"font-weight: 400;\"><strong>\u00abT\u00fa y yo\u201d<\/strong>, preguntas que te acercar\u00e1n a tu pareja<\/span><\/p>\n<p><span style=\"font-weight: 400;\"><strong>\u00abRecuerdos\u201d, <\/strong>preguntas acerca del pasado\u00a0\u00a0<\/span><\/p>\n<p><span style=\"font-weight: 400;\"><strong>\u201cCuriosidades\u201d, <\/strong>preguntas divertidas para aprender algo nuevo de tu pareja.<\/span><\/p>\n<p><span style=\"font-weight: 400;\"> Y una que otra carta <strong>\u201cModificador\u201d<\/strong> que cambiar\u00e1 el juego.<\/span><\/p>\n<p><span style=\"font-weight: 400;\">\u00a1Al final de cada ronda qui\u00e9n haya ganado obtendr\u00e1 un<strong> premio<\/strong>!<\/span><\/p>\n<p>[\/et_pb_blurb][\/et_pb_column][\/et_pb_row][et_pb_row _builder_version=\u00bb4.8.1&#8243; width=\u00bb100%\u00bb max_width=\u00bb900px\u00bb module_alignment=\u00bbcenter\u00bb custom_margin=\u00bb30px|||\u00bb][et_pb_column type=\u00bb4_4&#8243; _builder_version=\u00bb3.25&#8243; custom_padding=\u00bb|||\u00bb custom_padding__hover=\u00bb|||\u00bb][et_pb_blurb image=\u00bbhttp:\/\/queridoaguacate.com\/wp-content\/uploads\/2022\/01\/Juego_para_parejas_mx.png\u00bb content_max_width=\u00bb800px\u00bb _builder_version=\u00bb4.9.7&#8243; header_font=\u00bbFredoka One||||||||\u00bb header_text_color=\u00bb#000000&#8243; header_font_size=\u00bb22px\u00bb header_line_height=\u00bb1.3em\u00bb body_font=\u00bbNunito||||||||\u00bb body_text_color=\u00bb#565656&#8243; body_font_size=\u00bb16px\u00bb body_line_height=\u00bb1.8em\u00bb background_enable_color=\u00bboff\u00bb background_enable_image=\u00bboff\u00bb text_orientation=\u00bbcenter\u00bb background_layout=\u00bbdark\u00bb width=\u00bb100%\u00bb min_height=\u00bb528px\u00bb custom_margin=\u00bb|0px||0px|false|false\u00bb custom_padding=\u00bb|5px|21px|5px|false|false\u00bb animation_style=\u00bbfade\u00bb animation=\u00bboff\u00bb border_color_all_image=\u00bb#ffffff\u00bb box_shadow_style=\u00bbpreset1&#8243; box_shadow_style_image=\u00bbpreset1&#8243; box_shadow_color_image=\u00bbrgba(102,175,204,0.35)\u00bb]<\/p>\n<h2><span style=\"color: #000000;\">\u00bfC\u00f3mo se juega?<\/span><\/h2>\n<p>Realmente es muy f\u00e1cil, cada quien hace una pregunta al otro y la primer persona que se quede sin cartas obtiene un premio. No te preocupes, todos los detalles de las reglas las puedes obtener escaneado el c\u00f3digo QR que viene en tu juego.<\/p>\n<p>[\/et_pb_blurb][\/et_pb_column][\/et_pb_row][\/et_pb_section][et_pb_section fb_built=\u00bb1&#8243; prev_background_color=\u00bb#f2d4c9&#8243; admin_label=\u00bbTestimonial\u00bb module_id=\u00bbdiario\u00bb _builder_version=\u00bb4.9.7&#8243; background_color=\u00bb#f2c5bb\u00bb background_enable_image=\u00bboff\u00bb min_height=\u00bb563.6px\u00bb custom_margin=\u00bb160px|||||\u00bb custom_padding=\u00bb171px||2px|||\u00bb top_divider_style=\u00bbwave\u00bb top_divider_height=\u00bb150px\u00bb bottom_divider_height=\u00bb50px\u00bb][et_pb_row column_structure=\u00bb1_2,1_2&#8243; _builder_version=\u00bb3.25&#8243; custom_padding=\u00bb62px||113px|||\u00bb][et_pb_column type=\u00bb1_2&#8243; _builder_version=\u00bb3.25&#8243; custom_padding=\u00bb|||\u00bb custom_padding__hover=\u00bb|||\u00bb][et_pb_image src=\u00bbhttp:\/\/queridoaguacate.com\/wp-content\/uploads\/2022\/01\/hablame_bonito.png\u00bb title_text=\u00bbhablame_bonito\u00bb _builder_version=\u00bb4.9.7&#8243; _module_preset=\u00bbdefault\u00bb custom_margin=\u00bb||-27px|||\u00bb][\/et_pb_image][\/et_pb_column][et_pb_column type=\u00bb1_2&#8243; _builder_version=\u00bb3.25&#8243; custom_padding=\u00bb|||\u00bb custom_padding__hover=\u00bb|||\u00bb][et_pb_text _builder_version=\u00bb4.9.7&#8243; _module_preset=\u00bbdefault\u00bb]<\/p>\n<h1>Juego de cartas para parejas: Preg\u00fantame Bonito<\/h1>\n<p>Disponible<\/p>\n<p>[\/et_pb_text][et_pb_text _builder_version=\u00bb4.9.7&#8243; _module_preset=\u00bbdefault\u00bb min_height=\u00bb142px\u00bb custom_margin=\u00bb||-6px|||\u00bb custom_padding=\u00bb||1px|0px||\u00bb]<\/p>\n<p style=\"text-align: center;\"><span><img decoding=\"async\" draggable=\"false\" role=\"img\" class=\"emoji\" alt=\"\ud83d\udd12\" src=\"https:\/\/s.w.org\/images\/core\/emoji\/13.0.1\/svg\/1f512.svg\" style=\"display: block; margin-left: auto; margin-right: auto;\" \/>\u00a0 \u00a0Compra Protegida por Mercado Libre.<\/span><span><\/span><\/p>\n<p style=\"text-align: center;\"><img decoding=\"async\" draggable=\"false\" role=\"img\" class=\"emoji\" alt=\"\u26a1\" src=\"https:\/\/s.w.org\/images\/core\/emoji\/13.0.1\/svg\/26a1.svg\" \/><span>\u00a0<\/span>Env\u00edo r\u00e1pido y sin costo a todo M\u00e9xico.<\/p>\n<h1 style=\"text-align: center;\"><span style=\"color: #808080;\"><strong><\/strong><\/span><span style=\"color: #808080;\"><strong>$399<\/strong><\/span><span style=\"text-decoration: line-through;\"><span style=\"color: #808080;\"><strong><br \/><\/strong><\/span><\/span><\/h1>\n<p style=\"text-align: center;\">\n<p>[\/et_pb_text][et_pb_button button_url=\u00bbhttps:\/\/articulo.mercadolibre.com.mx\/MLM-1367970309-juego-de-cartas-para-parejas-preguntame-bonito-_JM\u00bb button_text=\u00bbComprar en Mercado Libre\u00bb button_alignment=\u00bbcenter\u00bb module_id=\u00bbbotoncompra2&#8243; module_class=\u00bbbotonc2&#8243; _builder_version=\u00bb4.9.7&#8243; custom_button=\u00bbon\u00bb button_text_size=\u00bb14px\u00bb button_text_color=\u00bb#ffffff\u00bb button_bg_color=\u00bb#38479b\u00bb button_border_width=\u00bb0px\u00bb button_border_radius=\u00bb80px\u00bb button_font=\u00bbNunito|700||on|||||\u00bb button_use_icon=\u00bboff\u00bb custom_margin=\u00bb26px|||||\u00bb custom_margin_tablet=\u00bb0px|||\u00bb custom_margin_last_edited=\u00bboff|desktop\u00bb custom_padding=\u00bb8px|24px|14px|24px||\u00bb animation_style=\u00bbfade\u00bb button_text_size__hover_enabled=\u00bboff\u00bb button_one_text_size__hover_enabled=\u00bboff\u00bb button_two_text_size__hover_enabled=\u00bboff\u00bb button_text_color__hover_enabled=\u00bboff\u00bb button_one_text_color__hover_enabled=\u00bboff\u00bb button_two_text_color__hover_enabled=\u00bboff\u00bb button_border_width__hover_enabled=\u00bboff\u00bb button_one_border_width__hover_enabled=\u00bboff\u00bb button_two_border_width__hover_enabled=\u00bboff\u00bb button_border_color__hover_enabled=\u00bboff\u00bb button_one_border_color__hover_enabled=\u00bboff\u00bb button_two_border_color__hover_enabled=\u00bboff\u00bb button_border_radius__hover_enabled=\u00bboff\u00bb button_one_border_radius__hover_enabled=\u00bboff\u00bb button_two_border_radius__hover_enabled=\u00bboff\u00bb button_letter_spacing__hover_enabled=\u00bboff\u00bb button_one_letter_spacing__hover_enabled=\u00bboff\u00bb button_two_letter_spacing__hover_enabled=\u00bboff\u00bb button_bg_color__hover_enabled=\u00bboff\u00bb button_one_bg_color__hover_enabled=\u00bboff\u00bb button_two_bg_color__hover_enabled=\u00bboff\u00bb][\/et_pb_button][et_pb_button button_url=\u00bbhttps:\/\/a.co\/d\/0rQdjOJ\u00bb button_text=\u00bbComprar en Amazon\u00bb button_alignment=\u00bbcenter\u00bb module_id=\u00bbbotoncompra2&#8243; module_class=\u00bbbotonc2&#8243; _builder_version=\u00bb4.9.7&#8243; custom_button=\u00bbon\u00bb button_text_size=\u00bb14px\u00bb button_text_color=\u00bb#FFFFFF\u00bb button_bg_color=\u00bb#E09900&#8243; button_border_width=\u00bb0px\u00bb button_border_radius=\u00bb80px\u00bb button_font=\u00bbNunito|700||on|||||\u00bb button_use_icon=\u00bboff\u00bb custom_margin=\u00bb26px|||||\u00bb custom_margin_tablet=\u00bb0px|||\u00bb custom_margin_last_edited=\u00bboff|desktop\u00bb custom_padding=\u00bb8px|24px|14px|24px||\u00bb animation_style=\u00bbfade\u00bb button_text_size__hover_enabled=\u00bboff\u00bb button_one_text_size__hover_enabled=\u00bboff\u00bb button_two_text_size__hover_enabled=\u00bboff\u00bb button_text_color__hover_enabled=\u00bboff\u00bb button_one_text_color__hover_enabled=\u00bboff\u00bb button_two_text_color__hover_enabled=\u00bboff\u00bb button_border_width__hover_enabled=\u00bboff\u00bb button_one_border_width__hover_enabled=\u00bboff\u00bb button_two_border_width__hover_enabled=\u00bboff\u00bb button_border_color__hover_enabled=\u00bboff\u00bb button_one_border_color__hover_enabled=\u00bboff\u00bb button_two_border_color__hover_enabled=\u00bboff\u00bb button_border_radius__hover_enabled=\u00bboff\u00bb button_one_border_radius__hover_enabled=\u00bboff\u00bb button_two_border_radius__hover_enabled=\u00bboff\u00bb button_letter_spacing__hover_enabled=\u00bboff\u00bb button_one_letter_spacing__hover_enabled=\u00bboff\u00bb button_two_letter_spacing__hover_enabled=\u00bboff\u00bb button_bg_color__hover_enabled=\u00bboff\u00bb button_one_bg_color__hover_enabled=\u00bboff\u00bb button_two_bg_color__hover_enabled=\u00bboff\u00bb][\/et_pb_button][et_pb_button button_url=\u00bbhttps:\/\/vt.tiktok.com\/ZSHoBKShjaFgh-e16p5\/\u00bb button_text=\u00bbComprar en Tik tok shop\u00bb button_alignment=\u00bbcenter\u00bb disabled_on=\u00bboff|off|on\u00bb module_id=\u00bbbotoncompra2&#8243; module_class=\u00bbbotonc2&#8243; _builder_version=\u00bb4.9.7&#8243; custom_button=\u00bbon\u00bb button_text_size=\u00bb14px\u00bb button_text_color=\u00bb#FFFFFF\u00bb button_bg_color=\u00bb#000000&#8243; button_border_width=\u00bb0px\u00bb button_border_radius=\u00bb80px\u00bb button_font=\u00bbNunito|700||on|||||\u00bb button_use_icon=\u00bboff\u00bb custom_margin=\u00bb26px|||||\u00bb custom_margin_tablet=\u00bb0px|||\u00bb custom_margin_last_edited=\u00bboff|desktop\u00bb custom_padding=\u00bb8px|24px|14px|24px||\u00bb animation_style=\u00bbfade\u00bb button_text_size__hover_enabled=\u00bboff\u00bb button_one_text_size__hover_enabled=\u00bboff\u00bb button_two_text_size__hover_enabled=\u00bboff\u00bb button_text_color__hover_enabled=\u00bboff\u00bb button_one_text_color__hover_enabled=\u00bboff\u00bb button_two_text_color__hover_enabled=\u00bboff\u00bb button_border_width__hover_enabled=\u00bboff\u00bb button_one_border_width__hover_enabled=\u00bboff\u00bb button_two_border_width__hover_enabled=\u00bboff\u00bb button_border_color__hover_enabled=\u00bboff\u00bb button_one_border_color__hover_enabled=\u00bboff\u00bb button_two_border_color__hover_enabled=\u00bboff\u00bb button_border_radius__hover_enabled=\u00bboff\u00bb button_one_border_radius__hover_enabled=\u00bboff\u00bb button_two_border_radius__hover_enabled=\u00bboff\u00bb button_letter_spacing__hover_enabled=\u00bboff\u00bb button_one_letter_spacing__hover_enabled=\u00bboff\u00bb button_two_letter_spacing__hover_enabled=\u00bboff\u00bb button_bg_color__hover_enabled=\u00bboff\u00bb button_one_bg_color__hover_enabled=\u00bboff\u00bb button_two_bg_color__hover_enabled=\u00bboff\u00bb][\/et_pb_button][\/et_pb_column][\/et_pb_row][\/et_pb_section]<\/p>\n","protected":false},"excerpt":{"rendered":"<p>Preg\u00fantame bonito<\/p>\n","protected":false},"author":1,"featured_media":0,"parent":0,"menu_order":0,"comment_status":"closed","ping_status":"closed","template":"","meta":{"_et_pb_use_builder":"on","_et_pb_old_content":"","_et_gb_content_width":"","footnotes":""},"class_list":["post-417","page","type-page","status-publish","hentry"],"jetpack_sharing_enabled":true,"_links":{"self":[{"href":"https:\/\/queridoaguacate.com\/index.php\/wp-json\/wp\/v2\/pages\/417","targetHints":{"allow":["GET"]}}],"collection":[{"href":"https:\/\/queridoaguacate.com\/index.php\/wp-json\/wp\/v2\/pages"}],"about":[{"href":"https:\/\/queridoaguacate.com\/index.php\/wp-json\/wp\/v2\/types\/page"}],"author":[{"embeddable":true,"href":"https:\/\/queridoaguacate.com\/index.php\/wp-json\/wp\/v2\/users\/1"}],"replies":[{"embeddable":true,"href":"https:\/\/queridoaguacate.com\/index.php\/wp-json\/wp\/v2\/comments?post=417"}],"version-history":[{"count":34,"href":"https:\/\/queridoaguacate.com\/index.php\/wp-json\/wp\/v2\/pages\/417\/revisions"}],"predecessor-version":[{"id":696,"href":"https:\/\/queridoaguacate.com\/index.php\/wp-json\/wp\/v2\/pages\/417\/revisions\/696"}],"wp:attachment":[{"href":"https:\/\/queridoaguacate.com\/index.php\/wp-json\/wp\/v2\/media?parent=417"}],"curies":[{"name":"wp","href":"https:\/\/api.w.org\/{rel}","templated":true}]}}